{"id":3155,"date":"2024-05-18T14:15:52","date_gmt":"2024-05-18T14:15:52","guid":{"rendered":"https:\/\/recyclist.ch\/einkaufswagen\/"},"modified":"2024-05-29T17:12:34","modified_gmt":"2024-05-29T17:12:34","slug":"einkaufswagen","status":"publish","type":"page","link":"https:\/\/recyclist.ch\/fr\/einkaufswagen\/","title":{"rendered":"Chariot"},"content":{"rendered":"\t\t<div data-elementor-type=\"wp-page\" data-elementor-id=\"3155\" class=\"elementor elementor-3155 elementor-3146\" data-elementor-post-type=\"page\">\n\t\t\t\t<div data-particle_enable=\"false\" data-particle-mobile-disabled=\"false\" class=\"elementor-element elementor-element-69223f1a e-flex e-con-boxed e-con e-parent\" data-id=\"69223f1a\" data-element_type=\"container\" data-e-type=\"container\" data-settings=\"{&quot;background_background&quot;:&quot;classic&quot;,&quot;shape_divider_bottom&quot;:&quot;tilt&quot;}\">\n\t\t\t\t\t<div class=\"e-con-inner\">\n\t\t\t\t<div class=\"elementor-shape elementor-shape-bottom\" aria-hidden=\"true\" data-negative=\"false\">\n\t\t\t<svg xmlns=\"http:\/\/www.w3.org\/2000\/svg\" viewBox=\"0 0 1000 100\" preserveAspectRatio=\"none\">\n\t<path class=\"elementor-shape-fill\" d=\"M0,6V0h1000v100L0,6z\"\/>\n<\/svg>\t\t<\/div>\n\t\t<div data-particle_enable=\"false\" data-particle-mobile-disabled=\"false\" class=\"elementor-element elementor-element-69dee35 e-flex e-con-boxed e-con e-child\" data-id=\"69dee35\" data-element_type=\"container\" data-e-type=\"container\">\n\t\t\t\t\t<div class=\"e-con-inner\">\n\t\t\t\t\t<\/div>\n\t\t\t\t<\/div>\n\t\t\t\t\t<\/div>\n\t\t\t\t<\/div>\n\t\t<div data-particle_enable=\"false\" data-particle-mobile-disabled=\"false\" class=\"elementor-element elementor-element-5f17c58b e-flex e-con-boxed e-con e-parent\" data-id=\"5f17c58b\" data-element_type=\"container\" data-e-type=\"container\" data-settings=\"{&quot;background_background&quot;:&quot;classic&quot;}\">\n\t\t\t\t\t<div class=\"e-con-inner\">\n\t\t<div data-particle_enable=\"false\" data-particle-mobile-disabled=\"false\" class=\"elementor-element elementor-element-2ae37797 e-con-full e-flex e-con e-child\" data-id=\"2ae37797\" data-element_type=\"container\" data-e-type=\"container\">\n\t\t\t\t<div class=\"elementor-element elementor-element-12fe5f5a elementor-widget__width-initial elementor-widget elementor-widget-heading\" data-id=\"12fe5f5a\" data-element_type=\"widget\" data-e-type=\"widget\" data-widget_type=\"heading.default\">\n\t\t\t\t<div class=\"elementor-widget-container\">\n\t\t\t\t\t<h2 class=\"elementor-heading-title elementor-size-default\">Chariot<\/h2>\t\t\t\t<\/div>\n\t\t\t\t<\/div>\n\t\t\t\t<\/div>\n\t\t<div data-particle_enable=\"false\" data-particle-mobile-disabled=\"false\" class=\"elementor-element elementor-element-af45aae e-con-full e-flex e-con e-child\" data-id=\"af45aae\" data-element_type=\"container\" data-e-type=\"container\">\n\t\t\t\t<div class=\"elementor-element elementor-element-615e2a2e elementor-align-right elementor-widget elementor-widget-global elementor-global-2449 elementor-widget-button\" data-id=\"615e2a2e\" data-element_type=\"widget\" data-e-type=\"widget\" data-widget_type=\"button.default\">\n\t\t\t\t<div class=\"elementor-widget-container\">\n\t\t\t\t\t\t\t\t\t<div class=\"elementor-button-wrapper\">\n\t\t\t\t\t<a class=\"elementor-button elementor-button-link elementor-size-sm\" href=\"https:\/\/recyclist.ch\/events\/\">\n\t\t\t\t\t\t<span class=\"elementor-button-content-wrapper\">\n\t\t\t\t\t\t<span class=\"elementor-button-icon\">\n\t\t\t\t<svg aria-hidden=\"true\" class=\"e-font-icon-svg e-fas-arrow-right\" viewBox=\"0 0 448 512\" xmlns=\"http:\/\/www.w3.org\/2000\/svg\"><path d=\"M190.5 66.9l22.2-22.2c9.4-9.4 24.6-9.4 33.9 0L441 239c9.4 9.4 9.4 24.6 0 33.9L246.6 467.3c-9.4 9.4-24.6 9.4-33.9 0l-22.2-22.2c-9.5-9.5-9.3-25 .4-34.3L311.4 296H24c-13.3 0-24-10.7-24-24v-32c0-13.3 10.7-24 24-24h287.4L190.9 101.2c-9.8-9.3-10-24.8-.4-34.3z\"><\/path><\/svg>\t\t\t<\/span>\n\t\t\t\t\t\t\t\t\t<span class=\"elementor-button-text\"><b>Agenda<b><\/span>\n\t\t\t\t\t<\/span>\n\t\t\t\t\t<\/a>\n\t\t\t\t<\/div>\n\t\t\t\t\t\t\t\t<\/div>\n\t\t\t\t<\/div>\n\t\t\t\t<\/div>\n\t\t\t\t\t<\/div>\n\t\t\t\t<\/div>\n\t\t<div data-particle_enable=\"false\" data-particle-mobile-disabled=\"false\" class=\"elementor-element elementor-element-ec9b743 e-flex e-con-boxed e-con e-parent\" data-id=\"ec9b743\" data-element_type=\"container\" data-e-type=\"container\" data-settings=\"{&quot;background_background&quot;:&quot;classic&quot;}\">\n\t\t\t\t\t<div class=\"e-con-inner\">\n\t\t\t\t<div class=\"elementor-element elementor-element-68de774 e-cart-layout-two-column elementor-widget elementor-widget-woocommerce-cart\" data-id=\"68de774\" data-element_type=\"widget\" data-e-type=\"widget\" data-settings=\"{&quot;update_cart_automatically&quot;:&quot;yes&quot;}\" data-widget_type=\"woocommerce-cart.default\">\n\t\t\t\t<div class=\"elementor-widget-container\">\n\t\t\t\t\t<div class=\"woocommerce\"><div class=\"woocommerce-notices-wrapper\"><\/div><div class=\"wc-empty-cart-message\">\n\t<div class=\"cart-empty woocommerce-info\" role=\"status\">\n\t\tVotre panier est actuellement vide.\t<\/div>\n<\/div>\t<p class=\"return-to-shop\">\n\t\t<a class=\"button wc-backward\" href=\"https:\/\/recyclist.ch\/fr\/shop\/\">\n\t\t\tRetour \u00e0 la boutique\t\t<\/a>\n\t<\/p>\n<\/div>\t\t\t\t<\/div>\n\t\t\t\t<\/div>\n\t\t\t\t\t<\/div>\n\t\t\t\t<\/div>\n\t\t<div data-particle_enable=\"false\" data-particle-mobile-disabled=\"false\" class=\"elementor-element elementor-element-6dc1d8f8 elementor-hidden-desktop elementor-hidden-tablet elementor-hidden-mobile e-flex e-con-boxed e-con e-parent\" data-id=\"6dc1d8f8\" data-element_type=\"container\" data-e-type=\"container\" data-settings=\"{&quot;background_background&quot;:&quot;classic&quot;}\">\n\t\t\t\t\t<div class=\"e-con-inner\">\n\t\t\t\t<div class=\"elementor-element elementor-element-42a0b217 elementor-widget elementor-widget-text-editor\" data-id=\"42a0b217\" data-element_type=\"widget\" data-e-type=\"widget\" data-widget_type=\"text-editor.default\">\n\t\t\t\t<div class=\"elementor-widget-container\">\n\t\t\t\t\t\t\t\t\t\n<div class=\"wp-block-woocommerce-cart alignwide is-loading\">\n<div class=\"wp-block-woocommerce-filled-cart-block\">\n<div class=\"wp-block-woocommerce-cart-items-block\">\n<div class=\"wp-block-woocommerce-cart-line-items-block\"><\/div>\n\n\n\n<div class=\"wp-block-woocommerce-cart-cross-sells-block\">\n<h2 class=\"wp-block-heading has-large-font-size\">Vous pourriez \u00eatre int\u00e9ress\u00e9 par&#8230;<\/h2>\n\n\n\n<div class=\"wp-block-woocommerce-cart-cross-sells-products-block\"><\/div>\n<\/div>\n<\/div>\n\n\n\n<div class=\"wp-block-woocommerce-cart-totals-block\">\n<div class=\"wp-block-woocommerce-cart-order-summary-block\">\n<div class=\"wp-block-woocommerce-cart-order-summary-heading-block\"><\/div>\n\n\n\n<div class=\"wp-block-woocommerce-cart-order-summary-coupon-form-block\"><\/div>\n\n\n\n<div class=\"wp-block-woocommerce-cart-order-summary-subtotal-block\"><\/div>\n\n\n\n<div class=\"wp-block-woocommerce-cart-order-summary-fee-block\"><\/div>\n\n\n\n<div class=\"wp-block-woocommerce-cart-order-summary-discount-block\"><\/div>\n\n\n\n<div class=\"wp-block-woocommerce-cart-order-summary-shipping-block\"><\/div>\n\n\n\n<div class=\"wp-block-woocommerce-cart-order-summary-taxes-block\"><\/div>\n<\/div>\n\n\n\n<div class=\"wp-block-woocommerce-cart-express-payment-block\"><\/div>\n\n\n\n<div class=\"wp-block-woocommerce-proceed-to-checkout-block\"><\/div>\n\n\n\n<div class=\"wp-block-woocommerce-cart-accepted-payment-methods-block\"><\/div>\n<\/div>\n<\/div>\n\n\n\n<div class=\"wp-block-woocommerce-empty-cart-block\">\n<h2 class=\"wp-block-heading has-text-align-center with-empty-cart-icon wc-block-cart__empty-cart__title\">Votre panier est actuellement vide !<\/h2>\n\n\n\n<hr class=\"wp-block-separator has-alpha-channel-opacity is-style-dots\">\n\n\n\n<h2 class=\"wp-block-heading has-text-align-center\">Nouveau en magasin<\/h2>\n\n\n<\/div>\n<\/div>\n\t\t\t\t\t\t\t\t<\/div>\n\t\t\t\t<\/div>\n\t\t\t\t\t<\/div>\n\t\t\t\t<\/div>\n\t\t\t\t<\/div>\n\t\t","protected":false},"excerpt":{"rendered":"<p>Agenda Dein Warenkorb ist gegenw\u00e4rtig leer. Vous pourriez \u00eatre int\u00e9ress\u00e9 par&#8230; Votre panier est actuellement vide ! Nouveau en magasin<\/p>\n","protected":false},"author":1,"featured_media":0,"parent":0,"menu_order":0,"comment_status":"closed","ping_status":"closed","template":"","meta":{"_eb_attr":"","footnotes":""},"class_list":["post-3155","page","type-page","status-publish","hentry"],"yoast_head":"<!-- This site is optimized with the Yoast SEO plugin v27.4 - https:\/\/yoast.com\/product\/yoast-seo-wordpress\/ -->\n<title>Chariot - Recyclist<\/title>\n<meta name=\"robots\" content=\"index, follow, max-snippet:-1, max-image-preview:large, max-video-preview:-1\" \/>\n<meta property=\"og:locale\" content=\"fr_FR\" \/>\n<meta property=\"og:type\" content=\"article\" \/>\n<meta property=\"og:title\" content=\"Chariot - Recyclist\" \/>\n<meta property=\"og:description\" content=\"Agenda Dein Warenkorb ist gegenw\u00e4rtig leer. Vous pourriez \u00eatre int\u00e9ress\u00e9 par&#8230; Votre panier est actuellement vide ! Nouveau en magasin\" \/>\n<meta property=\"og:url\" content=\"https:\/\/recyclist.ch\/fr\/einkaufswagen\/\" \/>\n<meta property=\"og:site_name\" content=\"Recyclist\" \/>\n<meta property=\"article:publisher\" content=\"https:\/\/www.facebook.com\/RecyclistEFZ\/\" \/>\n<meta property=\"article:modified_time\" content=\"2024-05-29T17:12:34+00:00\" \/>\n<meta name=\"twitter:card\" content=\"summary_large_image\" \/>\n<script type=\"application\/ld+json\" class=\"yoast-schema-graph\">{\"@context\":\"https:\\\/\\\/schema.org\",\"@graph\":[{\"@type\":\"WebPage\",\"@id\":\"https:\\\/\\\/recyclist.ch\\\/fr\\\/einkaufswagen\\\/\",\"url\":\"https:\\\/\\\/recyclist.ch\\\/fr\\\/einkaufswagen\\\/\",\"name\":\"Chariot - Recyclist\",\"isPartOf\":{\"@id\":\"https:\\\/\\\/recyclist.ch\\\/fr\\\/#website\"},\"datePublished\":\"2024-05-18T14:15:52+00:00\",\"dateModified\":\"2024-05-29T17:12:34+00:00\",\"breadcrumb\":{\"@id\":\"https:\\\/\\\/recyclist.ch\\\/fr\\\/einkaufswagen\\\/#breadcrumb\"},\"inLanguage\":\"fr-FR\",\"potentialAction\":[{\"@type\":\"ReadAction\",\"target\":[\"https:\\\/\\\/recyclist.ch\\\/fr\\\/einkaufswagen\\\/\"]}]},{\"@type\":\"BreadcrumbList\",\"@id\":\"https:\\\/\\\/recyclist.ch\\\/fr\\\/einkaufswagen\\\/#breadcrumb\",\"itemListElement\":[{\"@type\":\"ListItem\",\"position\":1,\"name\":\"Home\",\"item\":\"https:\\\/\\\/recyclist.ch\\\/fr\\\/\"},{\"@type\":\"ListItem\",\"position\":2,\"name\":\"Chariot\"}]},{\"@type\":\"WebSite\",\"@id\":\"https:\\\/\\\/recyclist.ch\\\/fr\\\/#website\",\"url\":\"https:\\\/\\\/recyclist.ch\\\/fr\\\/\",\"name\":\"Recyclist\",\"description\":\"Recyclist\",\"publisher\":{\"@id\":\"https:\\\/\\\/recyclist.ch\\\/fr\\\/#organization\"},\"potentialAction\":[{\"@type\":\"SearchAction\",\"target\":{\"@type\":\"EntryPoint\",\"urlTemplate\":\"https:\\\/\\\/recyclist.ch\\\/fr\\\/?s={search_term_string}\"},\"query-input\":{\"@type\":\"PropertyValueSpecification\",\"valueRequired\":true,\"valueName\":\"search_term_string\"}}],\"inLanguage\":\"fr-FR\"},{\"@type\":\"Organization\",\"@id\":\"https:\\\/\\\/recyclist.ch\\\/fr\\\/#organization\",\"name\":\"Recyclist\",\"url\":\"https:\\\/\\\/recyclist.ch\\\/fr\\\/\",\"logo\":{\"@type\":\"ImageObject\",\"inLanguage\":\"fr-FR\",\"@id\":\"https:\\\/\\\/recyclist.ch\\\/fr\\\/#\\\/schema\\\/logo\\\/image\\\/\",\"url\":\"https:\\\/\\\/recyclist.ch\\\/wp-content\\\/uploads\\\/2023\\\/11\\\/R_logo.png\",\"contentUrl\":\"https:\\\/\\\/recyclist.ch\\\/wp-content\\\/uploads\\\/2023\\\/11\\\/R_logo.png\",\"width\":133,\"height\":113,\"caption\":\"Recyclist\"},\"image\":{\"@id\":\"https:\\\/\\\/recyclist.ch\\\/fr\\\/#\\\/schema\\\/logo\\\/image\\\/\"},\"sameAs\":[\"https:\\\/\\\/www.facebook.com\\\/RecyclistEFZ\\\/\",\"https:\\\/\\\/www.instagram.com\\\/recyclist_in.ch\",\"https:\\\/\\\/www.linkedin.com\\\/company\\\/recylist-in-efz\"]}]}<\/script>\n<!-- \/ Yoast SEO plugin. -->","yoast_head_json":{"title":"Chariot - Recyclist","robots":{"index":"index","follow":"follow","max-snippet":"max-snippet:-1","max-image-preview":"max-image-preview:large","max-video-preview":"max-video-preview:-1"},"og_locale":"fr_FR","og_type":"article","og_title":"Chariot - Recyclist","og_description":"Agenda Dein Warenkorb ist gegenw\u00e4rtig leer. Vous pourriez \u00eatre int\u00e9ress\u00e9 par&#8230; Votre panier est actuellement vide ! Nouveau en magasin","og_url":"https:\/\/recyclist.ch\/fr\/einkaufswagen\/","og_site_name":"Recyclist","article_publisher":"https:\/\/www.facebook.com\/RecyclistEFZ\/","article_modified_time":"2024-05-29T17:12:34+00:00","twitter_card":"summary_large_image","schema":{"@context":"https:\/\/schema.org","@graph":[{"@type":"WebPage","@id":"https:\/\/recyclist.ch\/fr\/einkaufswagen\/","url":"https:\/\/recyclist.ch\/fr\/einkaufswagen\/","name":"Chariot - Recyclist","isPartOf":{"@id":"https:\/\/recyclist.ch\/fr\/#website"},"datePublished":"2024-05-18T14:15:52+00:00","dateModified":"2024-05-29T17:12:34+00:00","breadcrumb":{"@id":"https:\/\/recyclist.ch\/fr\/einkaufswagen\/#breadcrumb"},"inLanguage":"fr-FR","potentialAction":[{"@type":"ReadAction","target":["https:\/\/recyclist.ch\/fr\/einkaufswagen\/"]}]},{"@type":"BreadcrumbList","@id":"https:\/\/recyclist.ch\/fr\/einkaufswagen\/#breadcrumb","itemListElement":[{"@type":"ListItem","position":1,"name":"Home","item":"https:\/\/recyclist.ch\/fr\/"},{"@type":"ListItem","position":2,"name":"Chariot"}]},{"@type":"WebSite","@id":"https:\/\/recyclist.ch\/fr\/#website","url":"https:\/\/recyclist.ch\/fr\/","name":"Recyclist","description":"Recyclist","publisher":{"@id":"https:\/\/recyclist.ch\/fr\/#organization"},"potentialAction":[{"@type":"SearchAction","target":{"@type":"EntryPoint","urlTemplate":"https:\/\/recyclist.ch\/fr\/?s={search_term_string}"},"query-input":{"@type":"PropertyValueSpecification","valueRequired":true,"valueName":"search_term_string"}}],"inLanguage":"fr-FR"},{"@type":"Organization","@id":"https:\/\/recyclist.ch\/fr\/#organization","name":"Recyclist","url":"https:\/\/recyclist.ch\/fr\/","logo":{"@type":"ImageObject","inLanguage":"fr-FR","@id":"https:\/\/recyclist.ch\/fr\/#\/schema\/logo\/image\/","url":"https:\/\/recyclist.ch\/wp-content\/uploads\/2023\/11\/R_logo.png","contentUrl":"https:\/\/recyclist.ch\/wp-content\/uploads\/2023\/11\/R_logo.png","width":133,"height":113,"caption":"Recyclist"},"image":{"@id":"https:\/\/recyclist.ch\/fr\/#\/schema\/logo\/image\/"},"sameAs":["https:\/\/www.facebook.com\/RecyclistEFZ\/","https:\/\/www.instagram.com\/recyclist_in.ch","https:\/\/www.linkedin.com\/company\/recylist-in-efz"]}]}},"_links":{"self":[{"href":"https:\/\/recyclist.ch\/fr\/wp-json\/wp\/v2\/pages\/3155","targetHints":{"allow":["GET"]}}],"collection":[{"href":"https:\/\/recyclist.ch\/fr\/wp-json\/wp\/v2\/pages"}],"about":[{"href":"https:\/\/recyclist.ch\/fr\/wp-json\/wp\/v2\/types\/page"}],"author":[{"embeddable":true,"href":"https:\/\/recyclist.ch\/fr\/wp-json\/wp\/v2\/users\/1"}],"replies":[{"embeddable":true,"href":"https:\/\/recyclist.ch\/fr\/wp-json\/wp\/v2\/comments?post=3155"}],"version-history":[{"count":8,"href":"https:\/\/recyclist.ch\/fr\/wp-json\/wp\/v2\/pages\/3155\/revisions"}],"predecessor-version":[{"id":3957,"href":"https:\/\/recyclist.ch\/fr\/wp-json\/wp\/v2\/pages\/3155\/revisions\/3957"}],"wp:attachment":[{"href":"https:\/\/recyclist.ch\/fr\/wp-json\/wp\/v2\/media?parent=3155"}],"curies":[{"name":"wp","href":"https:\/\/api.w.org\/{rel}","templated":true}]}}