{"id":5862,"date":"2024-08-14T15:55:18","date_gmt":"2024-08-14T15:55:18","guid":{"rendered":"https:\/\/recyclist.ch\/?post_type=product&#038;p=5862"},"modified":"2024-10-25T12:40:01","modified_gmt":"2024-10-25T12:40:01","slug":"flyer-a5-custom-participation-aux-frais-de-mise-en-page-chf-100-a-500-ex","status":"publish","type":"product","link":"https:\/\/recyclist.ch\/fr\/produit\/flyer-a5-custom-participation-aux-frais-de-mise-en-page-chf-100-a-500-ex\/","title":{"rendered":"Flyer A5 Custom (participation aux frais de mise en page CHF 100.- \u00e0 500 ex.)"},"content":{"rendered":"<p>Flyer \u00ab Envie de sauver le monde ? \u00bb avec photo individuelle au recto et logo au verso.<br \/>\nParticipation aux frais de mise en page et d&rsquo;impression : 100 CHF par mod\u00e8le, jusqu&rsquo;\u00e0 500 exemplaires (sera factur\u00e9).<br \/>\nVeuillez envoyer le logo et la photo par e-mail \u00e0 info@recyclist.ch.<\/p>\n","protected":false},"excerpt":{"rendered":"<p>Flyer \u00ab Envie de sauver le monde ? \u00bb avec photo individuelle au recto et logo au verso. Participation aux frais de mise en page et d&rsquo;impression : 100 CHF par mod\u00e8le, jusqu&rsquo;\u00e0 500 exemplaires (sera factur\u00e9). Veuillez envoyer le logo et la photo par e-mail \u00e0 info@recyclist.ch.<\/p>\n","protected":false},"featured_media":6052,"template":"","meta":{"_eb_attr":""},"product_brand":[],"product_cat":[],"product_tag":[],"class_list":{"0":"post-5862","1":"product","2":"type-product","3":"status-publish","4":"has-post-thumbnail","7":"first","8":"instock","9":"shipping-taxable","10":"purchasable","11":"product-type-simple"},"yoast_head":"<!-- This site is optimized with the Yoast SEO plugin v27.3 - https:\/\/yoast.com\/product\/yoast-seo-wordpress\/ -->\n<title>Flyer A5 Custom (participation aux frais de mise en page CHF 100.- \u00e0 500 ex.) - Recyclist<\/title>\n<meta name=\"robots\" content=\"index, follow, max-snippet:-1, max-image-preview:large, max-video-preview:-1\" \/>\n<meta property=\"og:locale\" content=\"fr_FR\" \/>\n<meta property=\"og:type\" content=\"article\" \/>\n<meta property=\"og:title\" content=\"Flyer A5 Custom (participation aux frais de mise en page CHF 100.- \u00e0 500 ex.) - Recyclist\" \/>\n<meta property=\"og:description\" content=\"Flyer \u00ab Envie de sauver le monde ? \u00bb avec photo individuelle au recto et logo au verso. Participation aux frais de mise en page et d&rsquo;impression : 100 CHF par mod\u00e8le, jusqu&rsquo;\u00e0 500 exemplaires (sera factur\u00e9). Veuillez envoyer le logo et la photo par e-mail \u00e0 info@recyclist.ch.\" \/>\n<meta property=\"og:url\" content=\"https:\/\/recyclist.ch\/fr\/produit\/flyer-a5-custom-participation-aux-frais-de-mise-en-page-chf-100-a-500-ex\/\" \/>\n<meta property=\"og:site_name\" content=\"Recyclist\" \/>\n<meta property=\"article:publisher\" content=\"https:\/\/www.facebook.com\/RecyclistEFZ\/\" \/>\n<meta property=\"article:modified_time\" content=\"2024-10-25T12:40:01+00:00\" \/>\n<meta property=\"og:image\" content=\"https:\/\/recyclist.ch\/wp-content\/uploads\/2024\/10\/flyer-444x630-Standard-fr.jpg\" \/>\n\t<meta property=\"og:image:width\" content=\"444\" \/>\n\t<meta property=\"og:image:height\" content=\"630\" \/>\n\t<meta property=\"og:image:type\" content=\"image\/jpeg\" \/>\n<meta name=\"twitter:card\" content=\"summary_large_image\" \/>\n<meta name=\"twitter:label1\" content=\"Dur\u00e9e de lecture estim\u00e9e\" \/>\n\t<meta name=\"twitter:data1\" content=\"1 minute\" \/>\n<script type=\"application\/ld+json\" class=\"yoast-schema-graph\">{\"@context\":\"https:\\\/\\\/schema.org\",\"@graph\":[{\"@type\":\"WebPage\",\"@id\":\"https:\\\/\\\/recyclist.ch\\\/fr\\\/produit\\\/flyer-a5-custom-participation-aux-frais-de-mise-en-page-chf-100-a-500-ex\\\/\",\"url\":\"https:\\\/\\\/recyclist.ch\\\/fr\\\/produit\\\/flyer-a5-custom-participation-aux-frais-de-mise-en-page-chf-100-a-500-ex\\\/\",\"name\":\"Flyer A5 Custom (participation aux frais de mise en page CHF 100.- \u00e0 500 ex.) - Recyclist\",\"isPartOf\":{\"@id\":\"https:\\\/\\\/recyclist.ch\\\/fr\\\/#website\"},\"primaryImageOfPage\":{\"@id\":\"https:\\\/\\\/recyclist.ch\\\/fr\\\/produit\\\/flyer-a5-custom-participation-aux-frais-de-mise-en-page-chf-100-a-500-ex\\\/#primaryimage\"},\"image\":{\"@id\":\"https:\\\/\\\/recyclist.ch\\\/fr\\\/produit\\\/flyer-a5-custom-participation-aux-frais-de-mise-en-page-chf-100-a-500-ex\\\/#primaryimage\"},\"thumbnailUrl\":\"https:\\\/\\\/recyclist.ch\\\/wp-content\\\/uploads\\\/2024\\\/10\\\/flyer-444x630-Standard-fr.jpg\",\"datePublished\":\"2024-08-14T15:55:18+00:00\",\"dateModified\":\"2024-10-25T12:40:01+00:00\",\"breadcrumb\":{\"@id\":\"https:\\\/\\\/recyclist.ch\\\/fr\\\/produit\\\/flyer-a5-custom-participation-aux-frais-de-mise-en-page-chf-100-a-500-ex\\\/#breadcrumb\"},\"inLanguage\":\"fr-FR\",\"potentialAction\":[{\"@type\":\"ReadAction\",\"target\":[\"https:\\\/\\\/recyclist.ch\\\/fr\\\/produit\\\/flyer-a5-custom-participation-aux-frais-de-mise-en-page-chf-100-a-500-ex\\\/\"]}]},{\"@type\":\"ImageObject\",\"inLanguage\":\"fr-FR\",\"@id\":\"https:\\\/\\\/recyclist.ch\\\/fr\\\/produit\\\/flyer-a5-custom-participation-aux-frais-de-mise-en-page-chf-100-a-500-ex\\\/#primaryimage\",\"url\":\"https:\\\/\\\/recyclist.ch\\\/wp-content\\\/uploads\\\/2024\\\/10\\\/flyer-444x630-Standard-fr.jpg\",\"contentUrl\":\"https:\\\/\\\/recyclist.ch\\\/wp-content\\\/uploads\\\/2024\\\/10\\\/flyer-444x630-Standard-fr.jpg\",\"width\":444,\"height\":630},{\"@type\":\"BreadcrumbList\",\"@id\":\"https:\\\/\\\/recyclist.ch\\\/fr\\\/produit\\\/flyer-a5-custom-participation-aux-frais-de-mise-en-page-chf-100-a-500-ex\\\/#breadcrumb\",\"itemListElement\":[{\"@type\":\"ListItem\",\"position\":1,\"name\":\"Home\",\"item\":\"https:\\\/\\\/recyclist.ch\\\/fr\\\/\"},{\"@type\":\"ListItem\",\"position\":2,\"name\":\"Boutique\",\"item\":\"https:\\\/\\\/recyclist.ch\\\/fr\\\/shop\\\/\"},{\"@type\":\"ListItem\",\"position\":3,\"name\":\"Flyer A5 Custom (participation aux frais de mise en page CHF 100.- \u00e0 500 ex.)\"}]},{\"@type\":\"WebSite\",\"@id\":\"https:\\\/\\\/recyclist.ch\\\/fr\\\/#website\",\"url\":\"https:\\\/\\\/recyclist.ch\\\/fr\\\/\",\"name\":\"Recyclist\",\"description\":\"Recyclist\",\"publisher\":{\"@id\":\"https:\\\/\\\/recyclist.ch\\\/fr\\\/#organization\"},\"potentialAction\":[{\"@type\":\"SearchAction\",\"target\":{\"@type\":\"EntryPoint\",\"urlTemplate\":\"https:\\\/\\\/recyclist.ch\\\/fr\\\/?s={search_term_string}\"},\"query-input\":{\"@type\":\"PropertyValueSpecification\",\"valueRequired\":true,\"valueName\":\"search_term_string\"}}],\"inLanguage\":\"fr-FR\"},{\"@type\":\"Organization\",\"@id\":\"https:\\\/\\\/recyclist.ch\\\/fr\\\/#organization\",\"name\":\"Recyclist\",\"url\":\"https:\\\/\\\/recyclist.ch\\\/fr\\\/\",\"logo\":{\"@type\":\"ImageObject\",\"inLanguage\":\"fr-FR\",\"@id\":\"https:\\\/\\\/recyclist.ch\\\/fr\\\/#\\\/schema\\\/logo\\\/image\\\/\",\"url\":\"https:\\\/\\\/recyclist.ch\\\/wp-content\\\/uploads\\\/2023\\\/11\\\/R_logo.png\",\"contentUrl\":\"https:\\\/\\\/recyclist.ch\\\/wp-content\\\/uploads\\\/2023\\\/11\\\/R_logo.png\",\"width\":133,\"height\":113,\"caption\":\"Recyclist\"},\"image\":{\"@id\":\"https:\\\/\\\/recyclist.ch\\\/fr\\\/#\\\/schema\\\/logo\\\/image\\\/\"},\"sameAs\":[\"https:\\\/\\\/www.facebook.com\\\/RecyclistEFZ\\\/\",\"https:\\\/\\\/www.instagram.com\\\/recyclist_in.ch\",\"https:\\\/\\\/www.linkedin.com\\\/company\\\/recylist-in-efz\"]}]}<\/script>\n<!-- \/ Yoast SEO plugin. -->","yoast_head_json":{"title":"Flyer A5 Custom (participation aux frais de mise en page CHF 100.- \u00e0 500 ex.) - Recyclist","robots":{"index":"index","follow":"follow","max-snippet":"max-snippet:-1","max-image-preview":"max-image-preview:large","max-video-preview":"max-video-preview:-1"},"og_locale":"fr_FR","og_type":"article","og_title":"Flyer A5 Custom (participation aux frais de mise en page CHF 100.- \u00e0 500 ex.) - Recyclist","og_description":"Flyer \u00ab Envie de sauver le monde ? \u00bb avec photo individuelle au recto et logo au verso. Participation aux frais de mise en page et d&rsquo;impression : 100 CHF par mod\u00e8le, jusqu&rsquo;\u00e0 500 exemplaires (sera factur\u00e9). Veuillez envoyer le logo et la photo par e-mail \u00e0 info@recyclist.ch.","og_url":"https:\/\/recyclist.ch\/fr\/produit\/flyer-a5-custom-participation-aux-frais-de-mise-en-page-chf-100-a-500-ex\/","og_site_name":"Recyclist","article_publisher":"https:\/\/www.facebook.com\/RecyclistEFZ\/","article_modified_time":"2024-10-25T12:40:01+00:00","og_image":[{"width":444,"height":630,"url":"https:\/\/recyclist.ch\/wp-content\/uploads\/2024\/10\/flyer-444x630-Standard-fr.jpg","type":"image\/jpeg"}],"twitter_card":"summary_large_image","twitter_misc":{"Dur\u00e9e de lecture estim\u00e9e":"1 minute"},"schema":{"@context":"https:\/\/schema.org","@graph":[{"@type":"WebPage","@id":"https:\/\/recyclist.ch\/fr\/produit\/flyer-a5-custom-participation-aux-frais-de-mise-en-page-chf-100-a-500-ex\/","url":"https:\/\/recyclist.ch\/fr\/produit\/flyer-a5-custom-participation-aux-frais-de-mise-en-page-chf-100-a-500-ex\/","name":"Flyer A5 Custom (participation aux frais de mise en page CHF 100.- \u00e0 500 ex.) - Recyclist","isPartOf":{"@id":"https:\/\/recyclist.ch\/fr\/#website"},"primaryImageOfPage":{"@id":"https:\/\/recyclist.ch\/fr\/produit\/flyer-a5-custom-participation-aux-frais-de-mise-en-page-chf-100-a-500-ex\/#primaryimage"},"image":{"@id":"https:\/\/recyclist.ch\/fr\/produit\/flyer-a5-custom-participation-aux-frais-de-mise-en-page-chf-100-a-500-ex\/#primaryimage"},"thumbnailUrl":"https:\/\/recyclist.ch\/wp-content\/uploads\/2024\/10\/flyer-444x630-Standard-fr.jpg","datePublished":"2024-08-14T15:55:18+00:00","dateModified":"2024-10-25T12:40:01+00:00","breadcrumb":{"@id":"https:\/\/recyclist.ch\/fr\/produit\/flyer-a5-custom-participation-aux-frais-de-mise-en-page-chf-100-a-500-ex\/#breadcrumb"},"inLanguage":"fr-FR","potentialAction":[{"@type":"ReadAction","target":["https:\/\/recyclist.ch\/fr\/produit\/flyer-a5-custom-participation-aux-frais-de-mise-en-page-chf-100-a-500-ex\/"]}]},{"@type":"ImageObject","inLanguage":"fr-FR","@id":"https:\/\/recyclist.ch\/fr\/produit\/flyer-a5-custom-participation-aux-frais-de-mise-en-page-chf-100-a-500-ex\/#primaryimage","url":"https:\/\/recyclist.ch\/wp-content\/uploads\/2024\/10\/flyer-444x630-Standard-fr.jpg","contentUrl":"https:\/\/recyclist.ch\/wp-content\/uploads\/2024\/10\/flyer-444x630-Standard-fr.jpg","width":444,"height":630},{"@type":"BreadcrumbList","@id":"https:\/\/recyclist.ch\/fr\/produit\/flyer-a5-custom-participation-aux-frais-de-mise-en-page-chf-100-a-500-ex\/#breadcrumb","itemListElement":[{"@type":"ListItem","position":1,"name":"Home","item":"https:\/\/recyclist.ch\/fr\/"},{"@type":"ListItem","position":2,"name":"Boutique","item":"https:\/\/recyclist.ch\/fr\/shop\/"},{"@type":"ListItem","position":3,"name":"Flyer A5 Custom (participation aux frais de mise en page CHF 100.- \u00e0 500 ex.)"}]},{"@type":"WebSite","@id":"https:\/\/recyclist.ch\/fr\/#website","url":"https:\/\/recyclist.ch\/fr\/","name":"Recyclist","description":"Recyclist","publisher":{"@id":"https:\/\/recyclist.ch\/fr\/#organization"},"potentialAction":[{"@type":"SearchAction","target":{"@type":"EntryPoint","urlTemplate":"https:\/\/recyclist.ch\/fr\/?s={search_term_string}"},"query-input":{"@type":"PropertyValueSpecification","valueRequired":true,"valueName":"search_term_string"}}],"inLanguage":"fr-FR"},{"@type":"Organization","@id":"https:\/\/recyclist.ch\/fr\/#organization","name":"Recyclist","url":"https:\/\/recyclist.ch\/fr\/","logo":{"@type":"ImageObject","inLanguage":"fr-FR","@id":"https:\/\/recyclist.ch\/fr\/#\/schema\/logo\/image\/","url":"https:\/\/recyclist.ch\/wp-content\/uploads\/2023\/11\/R_logo.png","contentUrl":"https:\/\/recyclist.ch\/wp-content\/uploads\/2023\/11\/R_logo.png","width":133,"height":113,"caption":"Recyclist"},"image":{"@id":"https:\/\/recyclist.ch\/fr\/#\/schema\/logo\/image\/"},"sameAs":["https:\/\/www.facebook.com\/RecyclistEFZ\/","https:\/\/www.instagram.com\/recyclist_in.ch","https:\/\/www.linkedin.com\/company\/recylist-in-efz"]}]}},"_links":{"self":[{"href":"https:\/\/recyclist.ch\/fr\/wp-json\/wp\/v2\/product\/5862","targetHints":{"allow":["GET"]}}],"collection":[{"href":"https:\/\/recyclist.ch\/fr\/wp-json\/wp\/v2\/product"}],"about":[{"href":"https:\/\/recyclist.ch\/fr\/wp-json\/wp\/v2\/types\/product"}],"wp:featuredmedia":[{"embeddable":true,"href":"https:\/\/recyclist.ch\/fr\/wp-json\/wp\/v2\/media\/6052"}],"wp:attachment":[{"href":"https:\/\/recyclist.ch\/fr\/wp-json\/wp\/v2\/media?parent=5862"}],"wp:term":[{"taxonomy":"product_brand","embeddable":true,"href":"https:\/\/recyclist.ch\/fr\/wp-json\/wp\/v2\/product_brand?post=5862"},{"taxonomy":"product_cat","embeddable":true,"href":"https:\/\/recyclist.ch\/fr\/wp-json\/wp\/v2\/product_cat?post=5862"},{"taxonomy":"product_tag","embeddable":true,"href":"https:\/\/recyclist.ch\/fr\/wp-json\/wp\/v2\/product_tag?post=5862"}],"curies":[{"name":"wp","href":"https:\/\/api.w.org\/{rel}","templated":true}]}}