{"id":7751,"date":"2025-10-03T15:51:50","date_gmt":"2025-10-03T15:51:50","guid":{"rendered":"https:\/\/recyclist.ch\/product\/rollup-850x2400cm-description-de-lapprentissage-pret\/"},"modified":"2025-10-03T15:51:50","modified_gmt":"2025-10-03T15:51:50","slug":"rollup-850x2400cm-description-de-lapprentissage-pret","status":"publish","type":"product","link":"https:\/\/recyclist.ch\/fr\/produit\/rollup-850x2400cm-description-de-lapprentissage-pret\/","title":{"rendered":"Rollup 850x2400cm Description de l&rsquo;apprentissage (pr\u00eat)"},"content":{"rendered":"<p>Envoi par courrier A, le stand et<br \/>\ndoivent \u00eatre renvoy\u00e9s \u00e0 R-Suisse apr\u00e8s le salon\/la journ\u00e9e portes ouvertes, etc.<\/p>\n","protected":false},"excerpt":{"rendered":"<p>Envoi par courrier A, le stand et doivent \u00eatre renvoy\u00e9s \u00e0 R-Suisse apr\u00e8s le salon\/la journ\u00e9e portes ouvertes, etc.<\/p>\n","protected":false},"featured_media":7749,"template":"","meta":{"_eb_attr":""},"product_brand":[],"product_cat":[],"product_tag":[],"class_list":{"0":"post-7751","1":"product","2":"type-product","3":"status-publish","4":"has-post-thumbnail","7":"first","8":"instock","9":"shipping-taxable","10":"purchasable","11":"product-type-simple"},"yoast_head":"<!-- This site is optimized with the Yoast SEO plugin v27.4 - https:\/\/yoast.com\/product\/yoast-seo-wordpress\/ -->\n<title>Rollup 850x2400cm Description de l&#039;apprentissage (pr\u00eat) - Recyclist<\/title>\n<meta name=\"robots\" content=\"index, follow, max-snippet:-1, max-image-preview:large, max-video-preview:-1\" \/>\n<meta property=\"og:locale\" content=\"fr_FR\" \/>\n<meta property=\"og:type\" content=\"article\" \/>\n<meta property=\"og:title\" content=\"Rollup 850x2400cm Description de l&#039;apprentissage (pr\u00eat) - Recyclist\" \/>\n<meta property=\"og:description\" content=\"Envoi par courrier A, le stand et doivent \u00eatre renvoy\u00e9s \u00e0 R-Suisse apr\u00e8s le salon\/la journ\u00e9e portes ouvertes, etc.\" \/>\n<meta property=\"og:url\" content=\"https:\/\/recyclist.ch\/fr\/produit\/rollup-850x2400cm-description-de-lapprentissage-pret\/\" \/>\n<meta property=\"og:site_name\" content=\"Recyclist\" \/>\n<meta property=\"article:publisher\" content=\"https:\/\/www.facebook.com\/RecyclistEFZ\/\" \/>\n<meta property=\"og:image\" content=\"https:\/\/recyclist.ch\/wp-content\/uploads\/2025\/10\/Rollup-2-DE.jpg\" \/>\n\t<meta property=\"og:image:width\" content=\"1080\" \/>\n\t<meta property=\"og:image:height\" content=\"1512\" \/>\n\t<meta property=\"og:image:type\" content=\"image\/jpeg\" \/>\n<meta name=\"twitter:card\" content=\"summary_large_image\" \/>\n<script type=\"application\/ld+json\" class=\"yoast-schema-graph\">{\"@context\":\"https:\\\/\\\/schema.org\",\"@graph\":[{\"@type\":\"WebPage\",\"@id\":\"https:\\\/\\\/recyclist.ch\\\/fr\\\/produit\\\/rollup-850x2400cm-description-de-lapprentissage-pret\\\/\",\"url\":\"https:\\\/\\\/recyclist.ch\\\/fr\\\/produit\\\/rollup-850x2400cm-description-de-lapprentissage-pret\\\/\",\"name\":\"Rollup 850x2400cm Description de l'apprentissage (pr\u00eat) - Recyclist\",\"isPartOf\":{\"@id\":\"https:\\\/\\\/recyclist.ch\\\/fr\\\/#website\"},\"primaryImageOfPage\":{\"@id\":\"https:\\\/\\\/recyclist.ch\\\/fr\\\/produit\\\/rollup-850x2400cm-description-de-lapprentissage-pret\\\/#primaryimage\"},\"image\":{\"@id\":\"https:\\\/\\\/recyclist.ch\\\/fr\\\/produit\\\/rollup-850x2400cm-description-de-lapprentissage-pret\\\/#primaryimage\"},\"thumbnailUrl\":\"https:\\\/\\\/recyclist.ch\\\/wp-content\\\/uploads\\\/2025\\\/10\\\/Rollup-2-DE.jpg\",\"datePublished\":\"2025-10-03T15:51:50+00:00\",\"breadcrumb\":{\"@id\":\"https:\\\/\\\/recyclist.ch\\\/fr\\\/produit\\\/rollup-850x2400cm-description-de-lapprentissage-pret\\\/#breadcrumb\"},\"inLanguage\":\"fr-FR\",\"potentialAction\":[{\"@type\":\"ReadAction\",\"target\":[\"https:\\\/\\\/recyclist.ch\\\/fr\\\/produit\\\/rollup-850x2400cm-description-de-lapprentissage-pret\\\/\"]}]},{\"@type\":\"ImageObject\",\"inLanguage\":\"fr-FR\",\"@id\":\"https:\\\/\\\/recyclist.ch\\\/fr\\\/produit\\\/rollup-850x2400cm-description-de-lapprentissage-pret\\\/#primaryimage\",\"url\":\"https:\\\/\\\/recyclist.ch\\\/wp-content\\\/uploads\\\/2025\\\/10\\\/Rollup-2-DE.jpg\",\"contentUrl\":\"https:\\\/\\\/recyclist.ch\\\/wp-content\\\/uploads\\\/2025\\\/10\\\/Rollup-2-DE.jpg\",\"width\":1080,\"height\":1512},{\"@type\":\"BreadcrumbList\",\"@id\":\"https:\\\/\\\/recyclist.ch\\\/fr\\\/produit\\\/rollup-850x2400cm-description-de-lapprentissage-pret\\\/#breadcrumb\",\"itemListElement\":[{\"@type\":\"ListItem\",\"position\":1,\"name\":\"Home\",\"item\":\"https:\\\/\\\/recyclist.ch\\\/fr\\\/\"},{\"@type\":\"ListItem\",\"position\":2,\"name\":\"Boutique\",\"item\":\"https:\\\/\\\/recyclist.ch\\\/fr\\\/shop\\\/\"},{\"@type\":\"ListItem\",\"position\":3,\"name\":\"Rollup 850x2400cm Description de l&#8217;apprentissage (pr\u00eat)\"}]},{\"@type\":\"WebSite\",\"@id\":\"https:\\\/\\\/recyclist.ch\\\/fr\\\/#website\",\"url\":\"https:\\\/\\\/recyclist.ch\\\/fr\\\/\",\"name\":\"Recyclist\",\"description\":\"Recyclist\",\"publisher\":{\"@id\":\"https:\\\/\\\/recyclist.ch\\\/fr\\\/#organization\"},\"potentialAction\":[{\"@type\":\"SearchAction\",\"target\":{\"@type\":\"EntryPoint\",\"urlTemplate\":\"https:\\\/\\\/recyclist.ch\\\/fr\\\/?s={search_term_string}\"},\"query-input\":{\"@type\":\"PropertyValueSpecification\",\"valueRequired\":true,\"valueName\":\"search_term_string\"}}],\"inLanguage\":\"fr-FR\"},{\"@type\":\"Organization\",\"@id\":\"https:\\\/\\\/recyclist.ch\\\/fr\\\/#organization\",\"name\":\"Recyclist\",\"url\":\"https:\\\/\\\/recyclist.ch\\\/fr\\\/\",\"logo\":{\"@type\":\"ImageObject\",\"inLanguage\":\"fr-FR\",\"@id\":\"https:\\\/\\\/recyclist.ch\\\/fr\\\/#\\\/schema\\\/logo\\\/image\\\/\",\"url\":\"https:\\\/\\\/recyclist.ch\\\/wp-content\\\/uploads\\\/2023\\\/11\\\/R_logo.png\",\"contentUrl\":\"https:\\\/\\\/recyclist.ch\\\/wp-content\\\/uploads\\\/2023\\\/11\\\/R_logo.png\",\"width\":133,\"height\":113,\"caption\":\"Recyclist\"},\"image\":{\"@id\":\"https:\\\/\\\/recyclist.ch\\\/fr\\\/#\\\/schema\\\/logo\\\/image\\\/\"},\"sameAs\":[\"https:\\\/\\\/www.facebook.com\\\/RecyclistEFZ\\\/\",\"https:\\\/\\\/www.instagram.com\\\/recyclist_in.ch\",\"https:\\\/\\\/www.linkedin.com\\\/company\\\/recylist-in-efz\"]}]}<\/script>\n<!-- \/ Yoast SEO plugin. -->","yoast_head_json":{"title":"Rollup 850x2400cm Description de l'apprentissage (pr\u00eat) - Recyclist","robots":{"index":"index","follow":"follow","max-snippet":"max-snippet:-1","max-image-preview":"max-image-preview:large","max-video-preview":"max-video-preview:-1"},"og_locale":"fr_FR","og_type":"article","og_title":"Rollup 850x2400cm Description de l'apprentissage (pr\u00eat) - Recyclist","og_description":"Envoi par courrier A, le stand et doivent \u00eatre renvoy\u00e9s \u00e0 R-Suisse apr\u00e8s le salon\/la journ\u00e9e portes ouvertes, etc.","og_url":"https:\/\/recyclist.ch\/fr\/produit\/rollup-850x2400cm-description-de-lapprentissage-pret\/","og_site_name":"Recyclist","article_publisher":"https:\/\/www.facebook.com\/RecyclistEFZ\/","og_image":[{"width":1080,"height":1512,"url":"https:\/\/recyclist.ch\/wp-content\/uploads\/2025\/10\/Rollup-2-DE.jpg","type":"image\/jpeg"}],"twitter_card":"summary_large_image","schema":{"@context":"https:\/\/schema.org","@graph":[{"@type":"WebPage","@id":"https:\/\/recyclist.ch\/fr\/produit\/rollup-850x2400cm-description-de-lapprentissage-pret\/","url":"https:\/\/recyclist.ch\/fr\/produit\/rollup-850x2400cm-description-de-lapprentissage-pret\/","name":"Rollup 850x2400cm Description de l'apprentissage (pr\u00eat) - Recyclist","isPartOf":{"@id":"https:\/\/recyclist.ch\/fr\/#website"},"primaryImageOfPage":{"@id":"https:\/\/recyclist.ch\/fr\/produit\/rollup-850x2400cm-description-de-lapprentissage-pret\/#primaryimage"},"image":{"@id":"https:\/\/recyclist.ch\/fr\/produit\/rollup-850x2400cm-description-de-lapprentissage-pret\/#primaryimage"},"thumbnailUrl":"https:\/\/recyclist.ch\/wp-content\/uploads\/2025\/10\/Rollup-2-DE.jpg","datePublished":"2025-10-03T15:51:50+00:00","breadcrumb":{"@id":"https:\/\/recyclist.ch\/fr\/produit\/rollup-850x2400cm-description-de-lapprentissage-pret\/#breadcrumb"},"inLanguage":"fr-FR","potentialAction":[{"@type":"ReadAction","target":["https:\/\/recyclist.ch\/fr\/produit\/rollup-850x2400cm-description-de-lapprentissage-pret\/"]}]},{"@type":"ImageObject","inLanguage":"fr-FR","@id":"https:\/\/recyclist.ch\/fr\/produit\/rollup-850x2400cm-description-de-lapprentissage-pret\/#primaryimage","url":"https:\/\/recyclist.ch\/wp-content\/uploads\/2025\/10\/Rollup-2-DE.jpg","contentUrl":"https:\/\/recyclist.ch\/wp-content\/uploads\/2025\/10\/Rollup-2-DE.jpg","width":1080,"height":1512},{"@type":"BreadcrumbList","@id":"https:\/\/recyclist.ch\/fr\/produit\/rollup-850x2400cm-description-de-lapprentissage-pret\/#breadcrumb","itemListElement":[{"@type":"ListItem","position":1,"name":"Home","item":"https:\/\/recyclist.ch\/fr\/"},{"@type":"ListItem","position":2,"name":"Boutique","item":"https:\/\/recyclist.ch\/fr\/shop\/"},{"@type":"ListItem","position":3,"name":"Rollup 850x2400cm Description de l&#8217;apprentissage (pr\u00eat)"}]},{"@type":"WebSite","@id":"https:\/\/recyclist.ch\/fr\/#website","url":"https:\/\/recyclist.ch\/fr\/","name":"Recyclist","description":"Recyclist","publisher":{"@id":"https:\/\/recyclist.ch\/fr\/#organization"},"potentialAction":[{"@type":"SearchAction","target":{"@type":"EntryPoint","urlTemplate":"https:\/\/recyclist.ch\/fr\/?s={search_term_string}"},"query-input":{"@type":"PropertyValueSpecification","valueRequired":true,"valueName":"search_term_string"}}],"inLanguage":"fr-FR"},{"@type":"Organization","@id":"https:\/\/recyclist.ch\/fr\/#organization","name":"Recyclist","url":"https:\/\/recyclist.ch\/fr\/","logo":{"@type":"ImageObject","inLanguage":"fr-FR","@id":"https:\/\/recyclist.ch\/fr\/#\/schema\/logo\/image\/","url":"https:\/\/recyclist.ch\/wp-content\/uploads\/2023\/11\/R_logo.png","contentUrl":"https:\/\/recyclist.ch\/wp-content\/uploads\/2023\/11\/R_logo.png","width":133,"height":113,"caption":"Recyclist"},"image":{"@id":"https:\/\/recyclist.ch\/fr\/#\/schema\/logo\/image\/"},"sameAs":["https:\/\/www.facebook.com\/RecyclistEFZ\/","https:\/\/www.instagram.com\/recyclist_in.ch","https:\/\/www.linkedin.com\/company\/recylist-in-efz"]}]}},"_links":{"self":[{"href":"https:\/\/recyclist.ch\/fr\/wp-json\/wp\/v2\/product\/7751","targetHints":{"allow":["GET"]}}],"collection":[{"href":"https:\/\/recyclist.ch\/fr\/wp-json\/wp\/v2\/product"}],"about":[{"href":"https:\/\/recyclist.ch\/fr\/wp-json\/wp\/v2\/types\/product"}],"wp:featuredmedia":[{"embeddable":true,"href":"https:\/\/recyclist.ch\/fr\/wp-json\/wp\/v2\/media\/7749"}],"wp:attachment":[{"href":"https:\/\/recyclist.ch\/fr\/wp-json\/wp\/v2\/media?parent=7751"}],"wp:term":[{"taxonomy":"product_brand","embeddable":true,"href":"https:\/\/recyclist.ch\/fr\/wp-json\/wp\/v2\/product_brand?post=7751"},{"taxonomy":"product_cat","embeddable":true,"href":"https:\/\/recyclist.ch\/fr\/wp-json\/wp\/v2\/product_cat?post=7751"},{"taxonomy":"product_tag","embeddable":true,"href":"https:\/\/recyclist.ch\/fr\/wp-json\/wp\/v2\/product_tag?post=7751"}],"curies":[{"name":"wp","href":"https:\/\/api.w.org\/{rel}","templated":true}]}}