{"id":6148,"date":"2024-03-28T12:56:57","date_gmt":"2024-03-28T12:56:57","guid":{"rendered":"https:\/\/recyclist.ch\/persone\/commissioni\/"},"modified":"2025-03-04T14:27:28","modified_gmt":"2025-03-04T14:27:28","slug":"commissioni","status":"publish","type":"page","link":"https:\/\/recyclist.ch\/it\/persone\/commissioni\/","title":{"rendered":"Commissioni"},"content":{"rendered":"\t\t<div data-elementor-type=\"wp-page\" data-elementor-id=\"6148\" class=\"elementor elementor-6148 elementor-1893\" data-elementor-post-type=\"page\">\n\t\t\t\t<div data-particle_enable=\"false\" data-particle-mobile-disabled=\"false\" class=\"elementor-element elementor-element-c72a3fb e-flex e-con-boxed e-con e-parent\" data-id=\"c72a3fb\" data-element_type=\"container\" data-e-type=\"container\" data-settings=\"{&quot;background_background&quot;:&quot;classic&quot;,&quot;shape_divider_bottom&quot;:&quot;tilt&quot;}\">\n\t\t\t\t\t<div class=\"e-con-inner\">\n\t\t\t\t<div class=\"elementor-shape elementor-shape-bottom\" aria-hidden=\"true\" data-negative=\"false\">\n\t\t\t<svg xmlns=\"http:\/\/www.w3.org\/2000\/svg\" viewBox=\"0 0 1000 100\" preserveAspectRatio=\"none\">\n\t<path class=\"elementor-shape-fill\" d=\"M0,6V0h1000v100L0,6z\"\/>\n<\/svg>\t\t<\/div>\n\t\t<div data-particle_enable=\"false\" data-particle-mobile-disabled=\"false\" class=\"elementor-element elementor-element-2a5ae28 e-con-full title_header e-flex e-con e-child\" data-id=\"2a5ae28\" data-element_type=\"container\" data-e-type=\"container\">\n\t\t\t\t<\/div>\n\t\t<div data-particle_enable=\"false\" data-particle-mobile-disabled=\"false\" class=\"elementor-element elementor-element-91ce257 e-flex e-con-boxed e-con e-child\" data-id=\"91ce257\" data-element_type=\"container\" data-e-type=\"container\">\n\t\t\t\t\t<div class=\"e-con-inner\">\n\t\t\t\t\t<\/div>\n\t\t\t\t<\/div>\n\t\t\t\t\t<\/div>\n\t\t\t\t<\/div>\n\t\t<div data-particle_enable=\"false\" data-particle-mobile-disabled=\"false\" class=\"elementor-element elementor-element-0e03343 e-flex e-con-boxed e-con e-parent\" data-id=\"0e03343\" data-element_type=\"container\" data-e-type=\"container\" data-settings=\"{&quot;background_background&quot;:&quot;classic&quot;}\">\n\t\t\t\t\t<div class=\"e-con-inner\">\n\t\t<div data-particle_enable=\"false\" data-particle-mobile-disabled=\"false\" class=\"elementor-element elementor-element-1ac52a3 e-flex e-con-boxed e-con e-child\" data-id=\"1ac52a3\" data-element_type=\"container\" data-e-type=\"container\">\n\t\t\t\t\t<div class=\"e-con-inner\">\n\t\t\t\t<div class=\"elementor-element elementor-element-bc2a816 elementor-widget elementor-widget-heading\" data-id=\"bc2a816\" data-element_type=\"widget\" data-e-type=\"widget\" data-widget_type=\"heading.default\">\n\t\t\t\t<div class=\"elementor-widget-container\">\n\t\t\t\t\t<h1 class=\"elementor-heading-title elementor-size-default\">Commissioni<\/h1>\t\t\t\t<\/div>\n\t\t\t\t<\/div>\n\t\t\t\t\t<\/div>\n\t\t\t\t<\/div>\n\t\t<div data-particle_enable=\"false\" data-particle-mobile-disabled=\"false\" class=\"elementor-element elementor-element-08da8ff e-flex e-con-boxed e-con e-child\" data-id=\"08da8ff\" data-element_type=\"container\" data-e-type=\"container\">\n\t\t\t\t\t<div class=\"e-con-inner\">\n\t\t\t\t<div class=\"elementor-element elementor-element-8b43c5b elementor-align-right elementor-widget elementor-widget-global elementor-global-2449 elementor-widget-button\" data-id=\"8b43c5b\" data-element_type=\"widget\" data-e-type=\"widget\" data-widget_type=\"button.default\">\n\t\t\t\t<div class=\"elementor-widget-container\">\n\t\t\t\t\t\t\t\t\t<div class=\"elementor-button-wrapper\">\n\t\t\t\t\t<a class=\"elementor-button elementor-button-link elementor-size-sm\" href=\"https:\/\/recyclist.ch\/events\/\">\n\t\t\t\t\t\t<span class=\"elementor-button-content-wrapper\">\n\t\t\t\t\t\t<span class=\"elementor-button-icon\">\n\t\t\t\t<svg aria-hidden=\"true\" class=\"e-font-icon-svg e-fas-arrow-right\" viewBox=\"0 0 448 512\" xmlns=\"http:\/\/www.w3.org\/2000\/svg\"><path d=\"M190.5 66.9l22.2-22.2c9.4-9.4 24.6-9.4 33.9 0L441 239c9.4 9.4 9.4 24.6 0 33.9L246.6 467.3c-9.4 9.4-24.6 9.4-33.9 0l-22.2-22.2c-9.5-9.5-9.3-25 .4-34.3L311.4 296H24c-13.3 0-24-10.7-24-24v-32c0-13.3 10.7-24 24-24h287.4L190.9 101.2c-9.8-9.3-10-24.8-.4-34.3z\"><\/path><\/svg>\t\t\t<\/span>\n\t\t\t\t\t\t\t\t\t<span class=\"elementor-button-text\"><b>Agenda<b><\/span>\n\t\t\t\t\t<\/span>\n\t\t\t\t\t<\/a>\n\t\t\t\t<\/div>\n\t\t\t\t\t\t\t\t<\/div>\n\t\t\t\t<\/div>\n\t\t\t\t\t<\/div>\n\t\t\t\t<\/div>\n\t\t\t\t\t<\/div>\n\t\t\t\t<\/div>\n\t\t<div data-particle_enable=\"false\" data-particle-mobile-disabled=\"false\" class=\"elementor-element elementor-element-cef3913 e-flex e-con-boxed e-con e-parent\" data-id=\"cef3913\" data-element_type=\"container\" data-e-type=\"container\" data-settings=\"{&quot;background_background&quot;:&quot;classic&quot;}\">\n\t\t\t\t\t<div class=\"e-con-inner\">\n\t\t<div data-particle_enable=\"false\" data-particle-mobile-disabled=\"false\" class=\"elementor-element elementor-element-1a21b8a e-flex e-con-boxed e-con e-child\" data-id=\"1a21b8a\" data-element_type=\"container\" data-e-type=\"container\">\n\t\t\t\t\t<div class=\"e-con-inner\">\n\t\t<div data-particle_enable=\"false\" data-particle-mobile-disabled=\"false\" class=\"elementor-element elementor-element-7dd7dc3 e-flex e-con-boxed e-con e-child\" data-id=\"7dd7dc3\" data-element_type=\"container\" data-e-type=\"container\">\n\t\t\t\t\t<div class=\"e-con-inner\">\n\t\t<div data-particle_enable=\"false\" data-particle-mobile-disabled=\"false\" class=\"elementor-element elementor-element-13ab370 e-flex e-con-boxed e-con e-child\" data-id=\"13ab370\" data-element_type=\"container\" data-e-type=\"container\">\n\t\t\t\t\t<div class=\"e-con-inner\">\n\t\t\t\t<div class=\"elementor-element elementor-element-5c6cea8 elementor-widget elementor-widget-heading\" data-id=\"5c6cea8\" data-element_type=\"widget\" data-e-type=\"widget\" data-widget_type=\"heading.default\">\n\t\t\t\t<div class=\"elementor-widget-container\">\n\t\t\t\t\t<h2 class=\"elementor-heading-title elementor-size-default\">Commissione per lo sviluppo professionale e la qualit\u00e0 (B+Q)<\/h2>\t\t\t\t<\/div>\n\t\t\t\t<\/div>\n\t\t\t\t<div class=\"elementor-element elementor-element-cad8b8a elementor-widget elementor-widget-text-editor\" data-id=\"cad8b8a\" data-element_type=\"widget\" data-e-type=\"widget\" data-widget_type=\"text-editor.default\">\n\t\t\t\t<div class=\"elementor-widget-container\">\n\t\t\t\t\t\t\t\t\t<p>Il compito pi\u00f9 importante di questa commissione \u00e8 quello di garantire che la professione risponda alle esigenze delle aziende e dell&#8217;economia e che venga ulteriormente sviluppata se necessario. Le parti interessate vengono consultate in occasione della regolare revisione quinquennale, dopo la quale l&#8217;ordinanza sull&#8217;istruzione e il piano di studi vengono adattati se necessario.<\/p>\n<ul>\n<li>Judith Maag, Presidente<\/li>\n<li>Chris R\u00fcegg, rappresentante di Swiss Recycling<\/li>\n<li>Claudia Hug, rappresentante degli insegnanti specializzati della Svizzera tedesca<\/li>\n<li>Sabine Krattiger, rappresentante FVG<\/li>\n<li>Katja Kuster, rappresentante VSMR<\/li>\n<li>J\u00e9r\u00f4me P\u00fcrro, rappresentante degli insegnanti specializzati della Svizzera francese<\/li>\n<li>Markus Tonner, rappresentante VSPR<\/li>\n<li>Kurt Morgan, rappresentante ARV<\/li>\n<li>Odile Fahmy, rappresentante della Segreteria di Stato per la Formazione, la Ricerca e l&#8217;Innovazione (SERI)<\/li>\n<li>Renata Rudaz, rappresentante dei cantoni<\/li>\n<li>Sabine Ihringer, Amministratore delegato di R-Suisse (co-presidente)<\/li>\n<\/ul>\n\t\t\t\t\t\t\t\t<\/div>\n\t\t\t\t<\/div>\n\t\t\t\t\t<\/div>\n\t\t\t\t<\/div>\n\t\t\t\t\t<\/div>\n\t\t\t\t<\/div>\n\t\t\t\t\t<\/div>\n\t\t\t\t<\/div>\n\t\t<div data-particle_enable=\"false\" data-particle-mobile-disabled=\"false\" class=\"elementor-element elementor-element-7c9fd4e e-flex e-con-boxed e-con e-child\" data-id=\"7c9fd4e\" data-element_type=\"container\" data-e-type=\"container\">\n\t\t\t\t\t<div class=\"e-con-inner\">\n\t\t<div data-particle_enable=\"false\" data-particle-mobile-disabled=\"false\" class=\"elementor-element elementor-element-1005e48 e-flex e-con-boxed e-con e-child\" data-id=\"1005e48\" data-element_type=\"container\" data-e-type=\"container\">\n\t\t\t\t\t<div class=\"e-con-inner\">\n\t\t<div data-particle_enable=\"false\" data-particle-mobile-disabled=\"false\" class=\"elementor-element elementor-element-01868d8 e-flex e-con-boxed e-con e-child\" data-id=\"01868d8\" data-element_type=\"container\" data-e-type=\"container\">\n\t\t\t\t\t<div class=\"e-con-inner\">\n\t\t\t\t<div class=\"elementor-element elementor-element-35fc7fd elementor-widget elementor-widget-heading\" data-id=\"35fc7fd\" data-element_type=\"widget\" data-e-type=\"widget\" data-widget_type=\"heading.default\">\n\t\t\t\t<div class=\"elementor-widget-container\">\n\t\t\t\t\t<h2 class=\"elementor-heading-title elementor-size-default\">Commissione per corsi interaziendali (CIA)<\/h2>\t\t\t\t<\/div>\n\t\t\t\t<\/div>\n\t\t\t\t<div class=\"elementor-element elementor-element-dac6049 elementor-widget elementor-widget-text-editor\" data-id=\"dac6049\" data-element_type=\"widget\" data-e-type=\"widget\" data-widget_type=\"text-editor.default\">\n\t\t\t\t<div class=\"elementor-widget-container\">\n\t\t\t\t\t\t\t\t\t<div id=\"cc-m-6610059056\" class=\"j-module n j-text \">\n<div class=\"npobject\">\n<p>I corsi interaziendali sono uno dei tre pilastri della formazione professionale. La commissione per la formazione pratica \u00e8 responsabile della qualit\u00e0 dei corsi e si assicura che i corsi soddisfino i requisiti del piano di formazione, dell&#8217;ordinanza sulla formazione e delle direttive del Consiglio.<\/p>\n<ul>\n<li>Sven B\u00f6ni, Presidente<\/li>\n<li>Michael Mahr, Vicepresidente<\/li>\n<li>Roland Habermacher, esperto capo<\/li>\n<li>Thomas Bider, rappresentante dell&#8217;Ufficio per la Scuola Secondaria e la Formazione Professionale del Cantone di Zurigo<\/li>\n<li>Severin Holderegger, rappresentante dell&#8217;ente di formazione Strickhof Lindau<\/li>\n<li>Pascal Broch, rappresentante dell&#8217;ente di formazione Metaltec, Friburgo<\/li>\n<li>Claudia Hug, BZLT, rappresentante della scuola<\/li>\n<li>Steve P\u00fcrro, rappresentante per la Svizzera francese<\/li>\n<li>Kurt Morgan, rappresentante ARV<\/li>\n<li>David Wampfler, rappresentante FVG<\/li>\n<li>Markus Tonner, rappresentante VSPR<\/li>\n<li>Sabine Ihringer, Amministratore delegato di R-Suisse (co-presidente)<\/li>\n<\/ul>\n<\/div>\n<\/div>\n\t\t\t\t\t\t\t\t<\/div>\n\t\t\t\t<\/div>\n\t\t\t\t\t<\/div>\n\t\t\t\t<\/div>\n\t\t\t\t\t<\/div>\n\t\t\t\t<\/div>\n\t\t\t\t\t<\/div>\n\t\t\t\t<\/div>\n\t\t<div data-particle_enable=\"false\" data-particle-mobile-disabled=\"false\" class=\"elementor-element elementor-element-b4ffc1d e-flex e-con-boxed e-con e-child\" data-id=\"b4ffc1d\" data-element_type=\"container\" data-e-type=\"container\">\n\t\t\t\t\t<div class=\"e-con-inner\">\n\t\t<div data-particle_enable=\"false\" data-particle-mobile-disabled=\"false\" class=\"elementor-element elementor-element-5855bed e-flex e-con-boxed e-con e-child\" data-id=\"5855bed\" data-element_type=\"container\" data-e-type=\"container\">\n\t\t\t\t\t<div class=\"e-con-inner\">\n\t\t<div data-particle_enable=\"false\" data-particle-mobile-disabled=\"false\" class=\"elementor-element elementor-element-e808160 e-flex e-con-boxed e-con e-child\" data-id=\"e808160\" data-element_type=\"container\" data-e-type=\"container\">\n\t\t\t\t\t<div class=\"e-con-inner\">\n\t\t\t\t<div class=\"elementor-element elementor-element-36d78dd elementor-widget elementor-widget-heading\" data-id=\"36d78dd\" data-element_type=\"widget\" data-e-type=\"widget\" data-widget_type=\"heading.default\">\n\t\t\t\t<div class=\"elementor-widget-container\">\n\t\t\t\t\t<h2 class=\"elementor-heading-title elementor-size-default\">Commissione per la procedura di qualificazione<\/h2>\t\t\t\t<\/div>\n\t\t\t\t<\/div>\n\t\t\t\t<div class=\"elementor-element elementor-element-4e1f7cf elementor-widget elementor-widget-text-editor\" data-id=\"4e1f7cf\" data-element_type=\"widget\" data-e-type=\"widget\" data-widget_type=\"text-editor.default\">\n\t\t\t\t<div class=\"elementor-widget-container\">\n\t\t\t\t\t\t\t\t\t<div id=\"cc-m-6610059056\" class=\"j-module n j-text \">\n<div class=\"npobject\">\n<div id=\"cc-m-6610060256\" class=\"j-module n j-text \">\n<div>\n<p>La procedura di qualificazione consiste nell&#8217;esame pratico finale (VPA) e nell&#8217;esame professionale scritto. La Commissione QV \u00e8 responsabile dei contenuti, della pianificazione e della corretta attuazione in conformit\u00e0 con i requisiti del Consiglio di Amministrazione, del piano di formazione e dell&#8217;ordinanza sulla formazione.<\/p>\n<\/div>\n<div class=\"npobject\"><strong>Presidente\/Esaminatore<\/strong><\/div>\n<div class=\"npobject\">\n<ul>\n<li>Roland Habermacher, esperto capo D-CH<\/li>\n<\/ul>\n<\/div>\n<div class=\"npobject\">\n<p><strong>Gruppo di autori per gli studi professionali<\/strong><\/p>\n<ul>\n<li>J\u00e9r\u00f4me P\u00fcrro<\/li>\n<li>Roland Habermacher<\/li>\n<li>Jonathan Maffi<\/li>\n<li>Sabine Ihringer, Amministratore delegato di R-Suisse (co-presidente)<\/li>\n<\/ul>\n<p><strong>Gruppo di autori dell&#8217;AVP<\/strong><\/p>\n<ul>\n<li>Jer\u00f4me P\u00fcrro<\/li>\n<li>Roland Habermacher<\/li>\n<li>Jonathan Maffi<\/li>\n<li>David Wampfler, rappresentante FVG<\/li>\n<li>Markus Tonner, rappresentante VKRS<\/li>\n<li>Sabine Ihringer, Amministratore delegato di R-Suisse (co-presidente)<\/li>\n<\/ul>\n<\/div>\n<div class=\"npobject\"> <\/div>\n<div class=\"npobject\"><strong>SDBB<\/strong><\/div>\n<div class=\"npobject\">\n<ul>\n<li>Patrick Wolfgang<\/li>\n<\/ul>\n<\/div>\n<div class=\"npobject\">\n<div> <\/div>\n<div class=\"npobject\"><strong>Segreteria d&#8217;esame<\/strong><\/div>\n<div class=\"npobject\">\n<ul>\n<li>Markus Schiess, Segreteria esami STF Winterthur<\/li>\n<\/ul>\n<\/div>\n<\/div>\n<\/div>\n<\/div>\n<\/div>\n\t\t\t\t\t\t\t\t<\/div>\n\t\t\t\t<\/div>\n\t\t\t\t\t<\/div>\n\t\t\t\t<\/div>\n\t\t\t\t\t<\/div>\n\t\t\t\t<\/div>\n\t\t\t\t\t<\/div>\n\t\t\t\t<\/div>\n\t\t\t\t\t<\/div>\n\t\t\t\t<\/div>\n\t\t<div data-particle_enable=\"false\" data-particle-mobile-disabled=\"false\" class=\"elementor-element elementor-element-f4312de e-con-full e-flex e-con e-parent\" data-id=\"f4312de\" data-element_type=\"container\" data-e-type=\"container\" data-settings=\"{&quot;background_background&quot;:&quot;classic&quot;,&quot;background_motion_fx_motion_fx_scrolling&quot;:&quot;yes&quot;,&quot;background_motion_fx_translateY_effect&quot;:&quot;yes&quot;,&quot;background_motion_fx_translateY_affectedRange&quot;:{&quot;unit&quot;:&quot;%&quot;,&quot;size&quot;:&quot;&quot;,&quot;sizes&quot;:{&quot;start&quot;:6,&quot;end&quot;:89}},&quot;background_motion_fx_translateY_speed&quot;:{&quot;unit&quot;:&quot;px&quot;,&quot;size&quot;:4,&quot;sizes&quot;:[]},&quot;background_motion_fx_devices&quot;:[&quot;desktop&quot;,&quot;tablet&quot;,&quot;mobile&quot;]}\">\n\t\t\t\t<\/div>\n\t\t\t\t<\/div>\n\t\t","protected":false},"excerpt":{"rendered":"<p>Commissioni Agenda Commissione per lo sviluppo professionale e la qualit\u00e0 (B+Q) Il compito pi\u00f9 importante di questa commissione \u00e8 quello di garantire che la professione risponda alle esigenze delle aziende e dell&#8217;economia e che venga ulteriormente sviluppata se necessario. Le parti interessate vengono consultate in occasione della regolare revisione quinquennale, dopo la quale l&#8217;ordinanza sull&#8217;istruzione [&hellip;]<\/p>\n","protected":false},"author":2,"featured_media":0,"parent":6126,"menu_order":0,"comment_status":"closed","ping_status":"closed","template":"","meta":{"_eb_attr":"","footnotes":""},"class_list":["post-6148","page","type-page","status-publish","hentry"],"yoast_head":"<!-- This site is optimized with the Yoast SEO plugin v27.6 - https:\/\/yoast.com\/product\/yoast-seo-wordpress\/ -->\n<title>Commissioni - Recyclist<\/title>\n<meta name=\"robots\" content=\"index, follow, max-snippet:-1, max-image-preview:large, max-video-preview:-1\" \/>\n<meta property=\"og:locale\" content=\"it_IT\" \/>\n<meta property=\"og:type\" content=\"article\" \/>\n<meta property=\"og:title\" content=\"Commissioni - Recyclist\" \/>\n<meta property=\"og:description\" content=\"Commissioni Agenda Commissione per lo sviluppo professionale e la qualit\u00e0 (B+Q) Il compito pi\u00f9 importante di questa commissione \u00e8 quello di garantire che la professione risponda alle esigenze delle aziende e dell&#8217;economia e che venga ulteriormente sviluppata se necessario. Le parti interessate vengono consultate in occasione della regolare revisione quinquennale, dopo la quale l&#8217;ordinanza sull&#8217;istruzione [&hellip;]\" \/>\n<meta property=\"og:url\" content=\"https:\/\/recyclist.ch\/it\/persone\/commissioni\/\" \/>\n<meta property=\"og:site_name\" content=\"Recyclist\" \/>\n<meta property=\"article:publisher\" content=\"https:\/\/www.facebook.com\/RecyclistEFZ\/\" \/>\n<meta property=\"article:modified_time\" content=\"2025-03-04T14:27:28+00:00\" \/>\n<meta name=\"twitter:card\" content=\"summary_large_image\" \/>\n<meta name=\"twitter:label1\" content=\"Tempo di lettura stimato\" \/>\n\t<meta name=\"twitter:data1\" content=\"2 minuti\" \/>\n<script type=\"application\/ld+json\" class=\"yoast-schema-graph\">{\"@context\":\"https:\\\/\\\/schema.org\",\"@graph\":[{\"@type\":\"WebPage\",\"@id\":\"https:\\\/\\\/recyclist.ch\\\/it\\\/persone\\\/commissioni\\\/\",\"url\":\"https:\\\/\\\/recyclist.ch\\\/it\\\/persone\\\/commissioni\\\/\",\"name\":\"Commissioni - Recyclist\",\"isPartOf\":{\"@id\":\"https:\\\/\\\/recyclist.ch\\\/it\\\/#website\"},\"datePublished\":\"2024-03-28T12:56:57+00:00\",\"dateModified\":\"2025-03-04T14:27:28+00:00\",\"breadcrumb\":{\"@id\":\"https:\\\/\\\/recyclist.ch\\\/it\\\/persone\\\/commissioni\\\/#breadcrumb\"},\"inLanguage\":\"it-IT\",\"potentialAction\":[{\"@type\":\"ReadAction\",\"target\":[\"https:\\\/\\\/recyclist.ch\\\/it\\\/persone\\\/commissioni\\\/\"]}]},{\"@type\":\"BreadcrumbList\",\"@id\":\"https:\\\/\\\/recyclist.ch\\\/it\\\/persone\\\/commissioni\\\/#breadcrumb\",\"itemListElement\":[{\"@type\":\"ListItem\",\"position\":1,\"name\":\"Home\",\"item\":\"https:\\\/\\\/recyclist.ch\\\/it\\\/\"},{\"@type\":\"ListItem\",\"position\":2,\"name\":\"Persone\",\"item\":\"https:\\\/\\\/recyclist.ch\\\/it\\\/persone\\\/\"},{\"@type\":\"ListItem\",\"position\":3,\"name\":\"Commissioni\"}]},{\"@type\":\"WebSite\",\"@id\":\"https:\\\/\\\/recyclist.ch\\\/it\\\/#website\",\"url\":\"https:\\\/\\\/recyclist.ch\\\/it\\\/\",\"name\":\"Recyclist\",\"description\":\"Recyclist\",\"publisher\":{\"@id\":\"https:\\\/\\\/recyclist.ch\\\/it\\\/#organization\"},\"potentialAction\":[{\"@type\":\"SearchAction\",\"target\":{\"@type\":\"EntryPoint\",\"urlTemplate\":\"https:\\\/\\\/recyclist.ch\\\/it\\\/?s={search_term_string}\"},\"query-input\":{\"@type\":\"PropertyValueSpecification\",\"valueRequired\":true,\"valueName\":\"search_term_string\"}}],\"inLanguage\":\"it-IT\"},{\"@type\":\"Organization\",\"@id\":\"https:\\\/\\\/recyclist.ch\\\/it\\\/#organization\",\"name\":\"Recyclist\",\"url\":\"https:\\\/\\\/recyclist.ch\\\/it\\\/\",\"logo\":{\"@type\":\"ImageObject\",\"inLanguage\":\"it-IT\",\"@id\":\"https:\\\/\\\/recyclist.ch\\\/it\\\/#\\\/schema\\\/logo\\\/image\\\/\",\"url\":\"https:\\\/\\\/recyclist.ch\\\/wp-content\\\/uploads\\\/2023\\\/11\\\/R_logo.png\",\"contentUrl\":\"https:\\\/\\\/recyclist.ch\\\/wp-content\\\/uploads\\\/2023\\\/11\\\/R_logo.png\",\"width\":133,\"height\":113,\"caption\":\"Recyclist\"},\"image\":{\"@id\":\"https:\\\/\\\/recyclist.ch\\\/it\\\/#\\\/schema\\\/logo\\\/image\\\/\"},\"sameAs\":[\"https:\\\/\\\/www.facebook.com\\\/RecyclistEFZ\\\/\",\"https:\\\/\\\/www.instagram.com\\\/recyclist_in.ch\",\"https:\\\/\\\/www.linkedin.com\\\/company\\\/recylist-in-efz\"]}]}<\/script>\n<!-- \/ Yoast SEO plugin. -->","yoast_head_json":{"title":"Commissioni - Recyclist","robots":{"index":"index","follow":"follow","max-snippet":"max-snippet:-1","max-image-preview":"max-image-preview:large","max-video-preview":"max-video-preview:-1"},"og_locale":"it_IT","og_type":"article","og_title":"Commissioni - Recyclist","og_description":"Commissioni Agenda Commissione per lo sviluppo professionale e la qualit\u00e0 (B+Q) Il compito pi\u00f9 importante di questa commissione \u00e8 quello di garantire che la professione risponda alle esigenze delle aziende e dell&#8217;economia e che venga ulteriormente sviluppata se necessario. Le parti interessate vengono consultate in occasione della regolare revisione quinquennale, dopo la quale l&#8217;ordinanza sull&#8217;istruzione [&hellip;]","og_url":"https:\/\/recyclist.ch\/it\/persone\/commissioni\/","og_site_name":"Recyclist","article_publisher":"https:\/\/www.facebook.com\/RecyclistEFZ\/","article_modified_time":"2025-03-04T14:27:28+00:00","twitter_card":"summary_large_image","twitter_misc":{"Tempo di lettura stimato":"2 minuti"},"schema":{"@context":"https:\/\/schema.org","@graph":[{"@type":"WebPage","@id":"https:\/\/recyclist.ch\/it\/persone\/commissioni\/","url":"https:\/\/recyclist.ch\/it\/persone\/commissioni\/","name":"Commissioni - Recyclist","isPartOf":{"@id":"https:\/\/recyclist.ch\/it\/#website"},"datePublished":"2024-03-28T12:56:57+00:00","dateModified":"2025-03-04T14:27:28+00:00","breadcrumb":{"@id":"https:\/\/recyclist.ch\/it\/persone\/commissioni\/#breadcrumb"},"inLanguage":"it-IT","potentialAction":[{"@type":"ReadAction","target":["https:\/\/recyclist.ch\/it\/persone\/commissioni\/"]}]},{"@type":"BreadcrumbList","@id":"https:\/\/recyclist.ch\/it\/persone\/commissioni\/#breadcrumb","itemListElement":[{"@type":"ListItem","position":1,"name":"Home","item":"https:\/\/recyclist.ch\/it\/"},{"@type":"ListItem","position":2,"name":"Persone","item":"https:\/\/recyclist.ch\/it\/persone\/"},{"@type":"ListItem","position":3,"name":"Commissioni"}]},{"@type":"WebSite","@id":"https:\/\/recyclist.ch\/it\/#website","url":"https:\/\/recyclist.ch\/it\/","name":"Recyclist","description":"Recyclist","publisher":{"@id":"https:\/\/recyclist.ch\/it\/#organization"},"potentialAction":[{"@type":"SearchAction","target":{"@type":"EntryPoint","urlTemplate":"https:\/\/recyclist.ch\/it\/?s={search_term_string}"},"query-input":{"@type":"PropertyValueSpecification","valueRequired":true,"valueName":"search_term_string"}}],"inLanguage":"it-IT"},{"@type":"Organization","@id":"https:\/\/recyclist.ch\/it\/#organization","name":"Recyclist","url":"https:\/\/recyclist.ch\/it\/","logo":{"@type":"ImageObject","inLanguage":"it-IT","@id":"https:\/\/recyclist.ch\/it\/#\/schema\/logo\/image\/","url":"https:\/\/recyclist.ch\/wp-content\/uploads\/2023\/11\/R_logo.png","contentUrl":"https:\/\/recyclist.ch\/wp-content\/uploads\/2023\/11\/R_logo.png","width":133,"height":113,"caption":"Recyclist"},"image":{"@id":"https:\/\/recyclist.ch\/it\/#\/schema\/logo\/image\/"},"sameAs":["https:\/\/www.facebook.com\/RecyclistEFZ\/","https:\/\/www.instagram.com\/recyclist_in.ch","https:\/\/www.linkedin.com\/company\/recylist-in-efz"]}]}},"_links":{"self":[{"href":"https:\/\/recyclist.ch\/it\/wp-json\/wp\/v2\/pages\/6148","targetHints":{"allow":["GET"]}}],"collection":[{"href":"https:\/\/recyclist.ch\/it\/wp-json\/wp\/v2\/pages"}],"about":[{"href":"https:\/\/recyclist.ch\/it\/wp-json\/wp\/v2\/types\/page"}],"author":[{"embeddable":true,"href":"https:\/\/recyclist.ch\/it\/wp-json\/wp\/v2\/users\/2"}],"replies":[{"embeddable":true,"href":"https:\/\/recyclist.ch\/it\/wp-json\/wp\/v2\/comments?post=6148"}],"version-history":[{"count":4,"href":"https:\/\/recyclist.ch\/it\/wp-json\/wp\/v2\/pages\/6148\/revisions"}],"predecessor-version":[{"id":6520,"href":"https:\/\/recyclist.ch\/it\/wp-json\/wp\/v2\/pages\/6148\/revisions\/6520"}],"up":[{"embeddable":true,"href":"https:\/\/recyclist.ch\/it\/wp-json\/wp\/v2\/pages\/6126"}],"wp:attachment":[{"href":"https:\/\/recyclist.ch\/it\/wp-json\/wp\/v2\/media?parent=6148"}],"curies":[{"name":"wp","href":"https:\/\/api.w.org\/{rel}","templated":true}]}}